{"id":40,"date":"2025-11-17T04:58:02","date_gmt":"2025-11-17T06:58:02","guid":{"rendered":"https:\/\/merch.junkpile.rocks\/?post_type=product&#038;p=40"},"modified":"2025-11-17T04:58:02","modified_gmt":"2025-11-17T06:58:02","slug":"frankenstein-junkpile-artificial-pestilence","status":"publish","type":"product","link":"https:\/\/merch.junkpile.rocks\/index.php\/product\/frankenstein-junkpile-artificial-pestilence\/","title":{"rendered":"Frankenstein Junkpile &#8211; Artificial Pestilence"},"content":{"rendered":"<p><img fetchpriority=\"high\" decoding=\"async\" class=\"alignnone  wp-image-41\" src=\"https:\/\/merch.junkpile.rocks\/wp-content\/uploads\/2025\/11\/ARTIFICIAL-PESTILENCE-756x756.jpg\" alt=\"\" width=\"469\" height=\"469\" srcset=\"https:\/\/merch.junkpile.rocks\/wp-content\/uploads\/2025\/11\/ARTIFICIAL-PESTILENCE-756x756.jpg 756w, https:\/\/merch.junkpile.rocks\/wp-content\/uploads\/2025\/11\/ARTIFICIAL-PESTILENCE-scaled-380x380.jpg 380w, https:\/\/merch.junkpile.rocks\/wp-content\/uploads\/2025\/11\/ARTIFICIAL-PESTILENCE-scaled-180x180.jpg 180w, https:\/\/merch.junkpile.rocks\/wp-content\/uploads\/2025\/11\/ARTIFICIAL-PESTILENCE-scaled-720x720.jpg 720w, https:\/\/merch.junkpile.rocks\/wp-content\/uploads\/2025\/11\/ARTIFICIAL-PESTILENCE-1600x1600.jpg 1600w, https:\/\/merch.junkpile.rocks\/wp-content\/uploads\/2025\/11\/ARTIFICIAL-PESTILENCE-150x150.jpg 150w, https:\/\/merch.junkpile.rocks\/wp-content\/uploads\/2025\/11\/ARTIFICIAL-PESTILENCE-768x768.jpg 768w, https:\/\/merch.junkpile.rocks\/wp-content\/uploads\/2025\/11\/ARTIFICIAL-PESTILENCE-1536x1536.jpg 1536w, https:\/\/merch.junkpile.rocks\/wp-content\/uploads\/2025\/11\/ARTIFICIAL-PESTILENCE-2048x2048.jpg 2048w\" sizes=\"(max-width: 469px) 100vw, 469px\" \/><\/p>\n<p>Frankenstein Junkpile &#8211; Artificial Pestilence<br \/>\n==========================================================<br \/>\n1: 01_a night of death mastrad.wav Length: 03:33<br \/>\n2: 02_alone in agony MASTRAD.wav Length: 03:50<br \/>\n3: 03_ANGELS MASTRAD instrumental.wav Length: 06:52<br \/>\n4: 04_anti terror droids mastrad.wav Length: 04:05<br \/>\n5: 05_attacked mastrad.wav Length: 03:47<br \/>\n6: 06_Broken Threads mastrad.wav Length: 05:48<br \/>\n7: 07_destroying mastrad.wav Length: 03:52<br \/>\n8: 08_fist in your face mastrad.wav Length: 02:24<br \/>\n9: 09_He is the smiling murderer mastrad.wav Length: 03:55<br \/>\n10: 10_i v\u00e4ntan p\u00e5 d\u00f6den master.wav Length: 05:20<br \/>\n11: 11_krigarenv2 mastrad.wav Length: 03:22<br \/>\n12: 12_nuclear winter mastrad.wav Length: 03:03<br \/>\n13: 13_one down three to go mastrad.wav Length: 04:58<br \/>\n14: 14_outcast from hell V2 mastrad.wav Length: 04:20<br \/>\n15: 15_pushed beaten and hanged but still allive Mastrad.wav Length: 04:30<br \/>\n16: 16_soon I die Mastrad instrumental.wav Length: 03:54<br \/>\n17: 17_sweet dreams in hell instrumental mastrad.wav Length: 03:44<br \/>\n18: 18_the evil beasts are dead mastrad.wav Length: 03:06<br \/>\n19: 19_the massacre of worlds mastrad.wav Length: 04:47<br \/>\n20: 20_the robotic command mastrad.wav Length: 03:04<br \/>\n21: 21_the trip to gehenna instrumental mastrad.wav Length: 03:37<br \/>\n22: 22_Trying to hide v2 mastrad.wav Length: 04:35<br \/>\n23: 23_waiting for death mastrad.wav Length: 05:22<br \/>\n24: 24_You are too close mastrad.wav Length: 03:54<br \/>\n=====e =====================================================<\/p>\n<p>The songs come in thfollowing formats Wav(lossless),flac(lossless) and mp3<br \/>\nTotal length: 01:39:42<br \/>\nhttps:\/\/shop.junkpile.rocks<\/p>\n","protected":false},"excerpt":{"rendered":"<p>Frankenstein Junkpile &#8211; Artificial Pestilence<br \/>\n==========================================================<br \/>\n1: 01_a night of death mastrad.wav Length: 03:33<br \/>\n2: 02_alone in agony MASTRAD.wav Length: 03:50<br \/>\n3: 03_ANGELS MASTRAD instrumental.wav Length: 06:52<br \/>\n4: 04_anti terror droids mastrad.wav Length: 04:05<br \/>\n5: 05_attacked mastrad.wav Length: 03:47<br \/>\n6: 06_Broken Threads mastrad.wav Length: 05:48<br \/>\n7: 07_destroying mastrad.wav Length: 03:52<br \/>\n8: 08_fist in your face mastrad.wav Length: 02:24<br \/>\n9: 09_He is the smiling murderer mastrad.wav Length: 03:55<br \/>\n10: 10_i v\u00e4ntan p\u00e5 d\u00f6den master.wav Length: 05:20<br \/>\n11: 11_krigarenv2 mastrad.wav Length: 03:22<br \/>\n12: 12_nuclear winter mastrad.wav Length: 03:03<br \/>\n13: 13_one down three to go mastrad.wav Length: 04:58<br \/>\n14: 14_outcast from hell V2 mastrad.wav Length: 04:20<br \/>\n15: 15_pushed beaten and hanged but still allive Mastrad.wav Length: 04:30<br \/>\n16: 16_soon I die Mastrad instrumental.wav Length: 03:54<br \/>\n17: 17_sweet dreams in hell instrumental mastrad.wav Length: 03:44<br \/>\n18: 18_the evil beasts are dead mastrad.wav Length: 03:06<br \/>\n19: 19_the massacre of worlds mastrad.wav Length: 04:47<br \/>\n20: 20_the robotic command mastrad.wav Length: 03:04<br \/>\n21: 21_the trip to gehenna instrumental mastrad.wav Length: 03:37<br \/>\n22: 22_Trying to hide v2 mastrad.wav Length: 04:35<br \/>\n23: 23_waiting for death mastrad.wav Length: 05:22<br \/>\n24: 24_You are too close mastrad.wav Length: 03:54<br \/>\n==========================================================<br \/>\nThe songs come in the following formats Wav(lossless),flac(lossless) and mp3<br \/>\nTotal length: 01:39:42<br \/>\nhttps:\/\/shop.junkpile.rocks<\/p>\n","protected":false},"featured_media":41,"comment_status":"open","ping_status":"closed","template":"","meta":[],"product_brand":[16],"product_cat":[19],"product_tag":[],"royalty-types":[],"trackgenre":[],"tracksoftware":[],"class_list":{"0":"post-40","1":"product","2":"type-product","3":"status-publish","4":"has-post-thumbnail","6":"product_brand-frankenstein-junkpile-band","7":"product_cat-album","9":"first","10":"instock","11":"downloadable","12":"virtual","13":"taxable","14":"purchasable","15":"product-type-simple"},"_links":{"self":[{"href":"https:\/\/merch.junkpile.rocks\/index.php\/wp-json\/wp\/v2\/product\/40","targetHints":{"allow":["GET"]}}],"collection":[{"href":"https:\/\/merch.junkpile.rocks\/index.php\/wp-json\/wp\/v2\/product"}],"about":[{"href":"https:\/\/merch.junkpile.rocks\/index.php\/wp-json\/wp\/v2\/types\/product"}],"replies":[{"embeddable":true,"href":"https:\/\/merch.junkpile.rocks\/index.php\/wp-json\/wp\/v2\/comments?post=40"}],"wp:featuredmedia":[{"embeddable":true,"href":"https:\/\/merch.junkpile.rocks\/index.php\/wp-json\/wp\/v2\/media\/41"}],"wp:attachment":[{"href":"https:\/\/merch.junkpile.rocks\/index.php\/wp-json\/wp\/v2\/media?parent=40"}],"wp:term":[{"taxonomy":"product_brand","embeddable":true,"href":"https:\/\/merch.junkpile.rocks\/index.php\/wp-json\/wp\/v2\/product_brand?post=40"},{"taxonomy":"product_cat","embeddable":true,"href":"https:\/\/merch.junkpile.rocks\/index.php\/wp-json\/wp\/v2\/product_cat?post=40"},{"taxonomy":"product_tag","embeddable":true,"href":"https:\/\/merch.junkpile.rocks\/index.php\/wp-json\/wp\/v2\/product_tag?post=40"},{"taxonomy":"royalty-types","embeddable":true,"href":"https:\/\/merch.junkpile.rocks\/index.php\/wp-json\/wp\/v2\/royalty-types?post=40"},{"taxonomy":"trackgenre","embeddable":true,"href":"https:\/\/merch.junkpile.rocks\/index.php\/wp-json\/wp\/v2\/trackgenre?post=40"},{"taxonomy":"tracksoftware","embeddable":true,"href":"https:\/\/merch.junkpile.rocks\/index.php\/wp-json\/wp\/v2\/tracksoftware?post=40"}],"curies":[{"name":"wp","href":"https:\/\/api.w.org\/{rel}","templated":true}]}}